{"id":951,"date":"2022-04-14T15:48:10","date_gmt":"2022-04-14T15:48:10","guid":{"rendered":"https:\/\/masalaippavlova.cz\/?page_id=951"},"modified":"2022-04-14T15:55:00","modified_gmt":"2022-04-14T15:55:00","slug":"play","status":"publish","type":"page","link":"https:\/\/masalaippavlova.cz\/en\/play\/","title":{"rendered":"play"},"content":{"rendered":"<p>[et_pb_section fb_built=&#8220;1&#8243; _builder_version=&#8220;4.9.0&#8243; _module_preset=&#8220;default&#8220; background_image=&#8220;https:\/\/masalaippavlova.cz\/wp-content\/uploads\/2022\/03\/iMac-2.png&#8220; parallax=&#8220;on&#8220; height=&#8220;100vh&#8220; animation_style=&#8220;slide&#8220; animation_duration=&#8220;2500ms&#8220; animation_intensity_slide=&#8220;10%&#8220; hover_enabled=&#8220;0&#8243; custom_css_main_element=&#8220;display:flex;&#8220; title_text=&#8220;iMac &#8211; 2&#8243; sticky_enabled=&#8220;0&#8243;][et_pb_row _builder_version=&#8220;4.9.0&#8243; _module_preset=&#8220;default&#8220;][et_pb_column type=&#8220;4_4&#8243; _builder_version=&#8220;4.9.0&#8243; _module_preset=&#8220;default&#8220;][et_pb_image src=&#8220;https:\/\/masalaippavlova.cz\/wp-content\/uploads\/2022\/03\/MASALAANDEL_LOGO.png&#8220; title_text=&#8220;MASALAANDEL_LOGO&#8220; align=&#8220;center&#8220; _builder_version=&#8220;4.9.0&#8243; _module_preset=&#8220;default&#8220; width=&#8220;58%&#8220; width_tablet=&#8220;&#8220; width_phone=&#8220;95%&#8220; width_last_edited=&#8220;on|desktop&#8220; custom_margin=&#8220;-30px||||false|false&#8220; custom_margin_tablet=&#8220;&#8220; custom_margin_phone=&#8220;-160px||||false|false&#8220; custom_margin_last_edited=&#8220;on|phone&#8220; hover_enabled=&#8220;0&#8243; sticky_enabled=&#8220;0&#8243;][\/et_pb_image][et_pb_button button_url=&#8220;https:\/\/masalaippavlova.cz\/kontakt\/#contact&#8220; button_text=&#8220;Rezervace&#8220; button_alignment=&#8220;center&#8220; _builder_version=&#8220;4.9.0&#8243; _module_preset=&#8220;default&#8220; custom_button=&#8220;on&#8220; button_text_size=&#8220;20px&#8220; button_text_color=&#8220;#FFFFFF&#8220; button_bg_color=&#8220;#c49e63&#8243; button_border_color=&#8220;#c49e63&#8243; button_border_radius=&#8220;5px&#8220; button_icon=&#8220;%%128%%&#8220; button_text_size_tablet=&#8220;&#8220; button_text_size_phone=&#8220;16px&#8220; button_text_size_last_edited=&#8220;on|phone&#8220; box_shadow_style=&#8220;preset1&#8243;][\/et_pb_button][\/et_pb_column][\/et_pb_row][\/et_pb_section][et_pb_section fb_built=&#8220;1&#8243; _builder_version=&#8220;4.9.0&#8243; _module_preset=&#8220;default&#8220; custom_padding=&#8220;||40px|||&#8220; custom_css_main_element=&#8220;display:flex;&#8220;][et_pb_row column_structure=&#8220;1_2,1_2&#8243; module_id=&#8220;aboutus&#8220; _builder_version=&#8220;4.9.0&#8243; _module_preset=&#8220;default&#8220; width=&#8220;100%&#8220;][et_pb_column type=&#8220;1_2&#8243; _builder_version=&#8220;4.9.0&#8243; _module_preset=&#8220;default&#8220; background_color=&#8220;#c49e63&#8243; transform_scale_tablet=&#8220;&#8220; transform_scale_phone=&#8220;90%|90%&#8220; transform_scale_last_edited=&#8220;on|phone&#8220; transform_translate_tablet=&#8220;&#8220; transform_translate_phone=&#8220;&#8220; transform_translate_last_edited=&#8220;on|phone&#8220; transform_rotate_tablet=&#8220;&#8220; transform_rotate_phone=&#8220;&#8220; transform_rotate_last_edited=&#8220;on|phone&#8220; transform_skew_tablet=&#8220;&#8220; transform_skew_phone=&#8220;&#8220; transform_skew_last_edited=&#8220;on|phone&#8220; transform_origin_tablet=&#8220;&#8220; transform_origin_phone=&#8220;&#8220; transform_origin_last_edited=&#8220;on|phone&#8220; transform_styles_last_edited=&#8220;on|phone&#8220; horizontal_offset=&#8220;60px&#8220; horizontal_offset_tablet=&#8220;&#8220; horizontal_offset_phone=&#8220;0px&#8220; horizontal_offset_last_edited=&#8220;on|phone&#8220; custom_padding=&#8220;30px|30px|30px|30px|true|true&#8220; animation_style=&#8220;slide&#8220; animation_direction=&#8220;left&#8220; animation_duration=&#8220;1600ms&#8220; animation_intensity_slide=&#8220;15%&#8220; transform_styles_tablet=&#8220;&#8220; transform_styles_phone=&#8220;&#8220; border_radii=&#8220;on|10px|10px|10px|10px&#8220; box_shadow_style=&#8220;preset1&#8243; box_shadow_horizontal=&#8220;5px&#8220; box_shadow_blur=&#8220;25px&#8220;][et_pb_text _builder_version=&#8220;4.9.0&#8243; _module_preset=&#8220;default&#8220; header_font=&#8220;|700|||||||&#8220; header_text_align=&#8220;justify&#8220; header_text_color=&#8220;#FFFFFF&#8220; header_font_size=&#8220;54px&#8220; header_letter_spacing=&#8220;2px&#8220; header_font_size_tablet=&#8220;&#8220; header_font_size_phone=&#8220;45px&#8220; header_font_size_last_edited=&#8220;on|phone&#8220;]<\/p>\n<h1>ABOUT US<\/h1>\n<p>[\/et_pb_text][et_pb_divider color=&#8220;#FFFFFF&#8220; divider_weight=&#8220;2px&#8220; _builder_version=&#8220;4.9.0&#8243; _module_preset=&#8220;default&#8220; width=&#8220;55%&#8220; custom_margin=&#8220;-10px||-10px||true|false&#8220;][\/et_pb_divider][et_pb_text _builder_version=&#8220;4.9.0&#8243; _module_preset=&#8220;default&#8220; text_text_color=&#8220;#5e5e5e&#8220; text_font_size=&#8220;16px&#8220; text_line_height=&#8220;1.8em&#8220; text_orientation=&#8220;justified&#8220; custom_margin=&#8220;20px||20px||true|false&#8220; hover_enabled=&#8220;0&#8243; text_font_size_tablet=&#8220;&#8220; text_font_size_phone=&#8220;16px&#8220; text_font_size_last_edited=&#8220;on|phone&#8220; sticky_enabled=&#8220;0&#8243;]<\/p>\n<p>vngjgjgjgln\u00ed indick\u00e9 kucha\u0159e, kte\u0159\u00ed velice dob\u0159e znaj\u00ed recepty v\u0161ech kout\u016f Indie.<\/p>\n<p>Each recipe, even the most delicate, has an incredibly refined taste owing to a unique blend of spices. Our new menu offers delicate meat and vegetarian dishes and, for lovers of really hot food, traditional spicy dishes.<\/p>\n<p>[\/et_pb_text][et_pb_text _builder_version=&#8220;4.9.0&#8243; _module_preset=&#8220;default&#8220; text_text_color=&#8220;#5e5e5e&#8220; text_font_size=&#8220;16px&#8220; text_line_height=&#8220;1.8em&#8220; text_orientation=&#8220;justified&#8220; custom_margin=&#8220;20px||20px||true|false&#8220; hover_enabled=&#8220;0&#8243; text_font_size_tablet=&#8220;&#8220; text_font_size_phone=&#8220;16px&#8220; text_font_size_last_edited=&#8220;on|phone&#8220; sticky_enabled=&#8220;0&#8243;]<\/p>\n<p>vngjgjgjgln\u00ed indick\u00e9 kucha\u0159e, kte\u0159\u00ed velice dob\u0159e znaj\u00ed recepty v\u0161ech kout\u016f Indie.<\/p>\n<p>Each recipe, even the most delicate, has an incredibly refined taste owing to a unique blend of spices. Our new menu offers delicate meat and vegetarian dishes and, for lovers of really hot food, traditional spicy dishes.<\/p>\n<p>[\/et_pb_text][et_pb_button button_url=&#8220;#nabidka&#8220; button_text=&#8220;Na\u0161e nab\u00eddka&#8220; _builder_version=&#8220;4.9.0&#8243; _module_preset=&#8220;default&#8220; custom_button=&#8220;on&#8220; button_text_color=&#8220;#FFFFFF&#8220; button_bg_color=&#8220;#9c1c27&#8243; button_border_color=&#8220;#9c1c27&#8243; button_border_radius=&#8220;5px&#8220; button_text_size_tablet=&#8220;&#8220; button_text_size_phone=&#8220;18px&#8220; button_text_size_last_edited=&#8220;on|phone&#8220;][\/et_pb_button][\/et_pb_column][et_pb_column type=&#8220;1_2&#8243; _builder_version=&#8220;4.9.0&#8243; _module_preset=&#8220;default&#8220; horizontal_offset=&#8220;-10px&#8220; z_index=&#8220;1&#8243; horizontal_offset_tablet=&#8220;&#8220; horizontal_offset_phone=&#8220;0px&#8220; horizontal_offset_last_edited=&#8220;on|phone&#8220; animation_direction=&#8220;right&#8220; animation_direction_tablet=&#8220;&#8220; animation_direction_phone=&#8220;top&#8220; animation_direction_last_edited=&#8220;on|phone&#8220; animation_duration_tablet=&#8220;&#8220; animation_duration_phone=&#8220;&#8220; animation_duration_last_edited=&#8220;on|phone&#8220; animation_intensity_slide_tablet=&#8220;&#8220; animation_intensity_slide_phone=&#8220;15%&#8220; animation_intensity_slide_last_edited=&#8220;on|phone&#8220;][et_pb_image src=&#8220;https:\/\/masalaippavlova.cz\/wp-content\/uploads\/2022\/03\/indian-food-2021-10-21-04-03-16-utc-scaled.jpg&#8220; title_text=&#8220;Indian food Curry butter chicken, Palak Paneer, Chiken Tikka, Bi&#8220; align_tablet=&#8220;&#8220; align_phone=&#8220;center&#8220; align_last_edited=&#8220;on|phone&#8220; _builder_version=&#8220;4.9.0&#8243; _module_preset=&#8220;default&#8220; positioning=&#8220;relative&#8220; vertical_offset=&#8220;40px&#8220; z_index=&#8220;1&#8243; width=&#8220;90%&#8220; custom_margin_tablet=&#8220;&#8220; custom_margin_phone=&#8220;-250px||-250px||true|false&#8220; custom_margin_last_edited=&#8220;on|phone&#8220; animation_style=&#8220;slide&#8220; animation_direction=&#8220;right&#8220; animation_duration=&#8220;1500ms&#8220; animation_intensity_slide=&#8220;15%&#8220; animation_direction_tablet=&#8220;&#8220; animation_direction_phone=&#8220;top&#8220; animation_direction_last_edited=&#8220;on|desktop&#8220; animation_duration_tablet=&#8220;&#8220; animation_duration_phone=&#8220;1550ms&#8220; animation_duration_last_edited=&#8220;on|phone&#8220; animation_intensity_slide_tablet=&#8220;&#8220; animation_intensity_slide_phone=&#8220;&#8220; animation_intensity_slide_last_edited=&#8220;on|phone&#8220; border_radii=&#8220;on|10px|10px|10px|10px&#8220;][\/et_pb_image][\/et_pb_column][\/et_pb_row][\/et_pb_section][et_pb_section fb_built=&#8220;1&#8243; _builder_version=&#8220;4.9.0&#8243; _module_preset=&#8220;default&#8220; background_enable_image=&#8220;off&#8220; custom_margin=&#8220;40px||-30px||false|false&#8220; custom_padding=&#8220;50px||50px||true|false&#8220; custom_css_main_element=&#8220;display:flex;&#8220;][et_pb_row _builder_version=&#8220;4.9.0&#8243; _module_preset=&#8220;default&#8220; background_color=&#8220;RGBA(0,0,0,0)&#8220; width_tablet=&#8220;&#8220; width_phone=&#8220;90%&#8220; width_last_edited=&#8220;on|phone&#8220; custom_margin_tablet=&#8220;&#8220; custom_margin_phone=&#8220;45px||-45px||false|false&#8220; custom_margin_last_edited=&#8220;on|phone&#8220;][et_pb_column type=&#8220;4_4&#8243; _builder_version=&#8220;4.9.0&#8243; _module_preset=&#8220;default&#8220; background_enable_color=&#8220;off&#8220; transform_scale_tablet=&#8220;&#8220; transform_scale_phone=&#8220;&#8220; transform_scale_last_edited=&#8220;on|phone&#8220; transform_translate_tablet=&#8220;&#8220; transform_translate_phone=&#8220;&#8220; transform_translate_last_edited=&#8220;on|phone&#8220; transform_rotate_tablet=&#8220;&#8220; transform_rotate_phone=&#8220;&#8220; transform_rotate_last_edited=&#8220;on|phone&#8220; transform_skew_tablet=&#8220;&#8220; transform_skew_phone=&#8220;&#8220; transform_skew_last_edited=&#8220;on|phone&#8220; transform_origin_tablet=&#8220;&#8220; transform_origin_phone=&#8220;&#8220; transform_origin_last_edited=&#8220;on|phone&#8220; transform_styles_last_edited=&#8220;on|phone&#8220; horizontal_offset=&#8220;0px&#8220; horizontal_offset_tablet=&#8220;&#8220; horizontal_offset_phone=&#8220;0vw&#8220; horizontal_offset_last_edited=&#8220;on|phone&#8220; custom_padding=&#8220;30px|30px|30px|30px|true|true&#8220; custom_padding_tablet=&#8220;&#8220; custom_padding_phone=&#8220;30px|30px|30px|30px|true|true&#8220; custom_padding_last_edited=&#8220;on|phone&#8220; animation_direction=&#8220;right&#8220; transform_styles_tablet=&#8220;&#8220; transform_styles_phone=&#8220;&#8220; border_radii=&#8220;on|10px|10px|10px|10px&#8220;][et_pb_text module_id=&#8220;nabidka&#8220; _builder_version=&#8220;4.9.0&#8243; _module_preset=&#8220;default&#8220; header_font=&#8220;|700|||||||&#8220; header_text_align=&#8220;justify&#8220; header_text_color=&#8220;#c49e63&#8243; header_font_size=&#8220;54px&#8220; header_letter_spacing=&#8220;2px&#8220; header_line_height=&#8220;1.2em&#8220; width=&#8220;70%&#8220; width_tablet=&#8220;&#8220; width_phone=&#8220;100%&#8220; width_last_edited=&#8220;on|phone&#8220; custom_margin=&#8220;-10px||||false|false&#8220; animation_style=&#8220;slide&#8220; animation_direction=&#8220;left&#8220; animation_duration=&#8220;1500ms&#8220; animation_intensity_slide=&#8220;15%&#8220; header_font_size_tablet=&#8220;&#8220; header_font_size_phone=&#8220;40px&#8220; header_font_size_last_edited=&#8220;on|phone&#8220;]<\/p>\n<h1>OUR MENU<\/h1>\n<p>[\/et_pb_text][et_pb_divider color=&#8220;#c49e63&#8243; divider_weight=&#8220;2px&#8220; _builder_version=&#8220;4.9.0&#8243; _module_preset=&#8220;default&#8220; width=&#8220;55%&#8220; custom_margin=&#8220;-10px||-10px||true|false&#8220; animation_style=&#8220;slide&#8220; animation_direction=&#8220;left&#8220; animation_duration=&#8220;1500ms&#8220; animation_intensity_slide=&#8220;15%&#8220;][\/et_pb_divider][et_pb_text _builder_version=&#8220;4.9.0&#8243; _module_preset=&#8220;default&#8220; text_text_color=&#8220;#5e5e5e&#8220; text_font_size=&#8220;16px&#8220; text_line_height=&#8220;1.8em&#8220; text_orientation=&#8220;justified&#8220; width=&#8220;80%&#8220; width_tablet=&#8220;&#8220; width_phone=&#8220;100%&#8220; width_last_edited=&#8220;on|desktop&#8220; module_alignment=&#8220;left&#8220; custom_margin=&#8220;20px||20px||true|false&#8220; animation_style=&#8220;slide&#8220; animation_direction=&#8220;left&#8220; animation_duration=&#8220;1500ms&#8220; animation_delay=&#8220;250ms&#8220; animation_intensity_slide=&#8220;15%&#8220; text_font_size_tablet=&#8220;&#8220; text_font_size_phone=&#8220;14px&#8220; text_font_size_last_edited=&#8220;on|phone&#8220;]U n\u00e1s v Masale m\u00e1me pro V\u00e1s p\u0159ipraven\u00fd \u0161irok\u00fd a pestr\u00fd v\u00fdb\u011br v\u00fdte\u010dn\u00fdch pokrm\u016f pln\u00e9 aroma a vyv\u00e1\u017een\u00e9 chut\u011b, kter\u00e9 V\u00e1s jist\u011b nadchne. Samoz\u0159ejm\u011b, ka\u017ed\u00fd z n\u00e1s m\u00e1me jin\u00e9 preference, na \u010dem\u017e jsme seskl\u00e1dali na\u0161e menu &#8211; od masov\u00fdch a\u017e po vegetari\u00e1nsk\u00fdch variac\u00ed a dal\u0161\u00ed.<\/p>\n<p>Mimo na\u0161\u00ed hlavn\u00ed nab\u00eddky pokrm\u016f, nab\u00edz\u00edme tak\u00e9 r\u016fzn\u00e9 druhy speci\u00e1ln\u00edch event\u016f, jako je v\u00edkendov\u00fd brunch nebo tak\u00e9 Masala feast. M\u00e1te se na co t\u011b\u0161it![\/et_pb_text][dsm_button button_one_text=&#8220;Menu&#8220; button_one_url=&#8220;https:\/\/masalaippavlova.cz\/menu\/&#8220; button_two_text=&#8220;Eventov\u00e1 nab\u00eddka&#8220; button_two_url=&#8220;https:\/\/masalaippavlova.cz\/eventy&#8220; _builder_version=&#8220;4.9.0&#8243; _module_preset=&#8220;default&#8220; custom_button_one=&#8220;on&#8220; button_one_text_color=&#8220;#FFFFFF&#8220; button_one_bg_color=&#8220;#c49e63&#8243; button_one_border_color=&#8220;#c49e63&#8243; button_one_border_radius=&#8220;5px&#8220; button_one_letter_spacing=&#8220;0px&#8220; button_one_custom_margin_tablet=&#8220;&#8220; button_one_custom_margin_phone=&#8220;|||0px|false|false&#8220; button_one_custom_margin_last_edited=&#8220;on|phone&#8220; custom_button_two=&#8220;on&#8220; button_two_text_color=&#8220;#FFFFFF&#8220; button_two_bg_color=&#8220;#9c1c27&#8243; button_two_border_color=&#8220;#9c1c27&#8243; button_two_border_radius=&#8220;5px&#8220; button_two_custom_margin_tablet=&#8220;&#8220; button_two_custom_margin_phone=&#8220;|||0px|false|false&#8220; button_two_custom_margin_last_edited=&#8220;on|phone&#8220; custom_margin=&#8220;35px|||||&#8220; button_one_text_size_tablet=&#8220;&#8220; button_one_text_size_phone=&#8220;18px&#8220; button_one_text_size_last_edited=&#8220;on|phone&#8220; button_one_border_width_tablet=&#8220;&#8220; button_one_border_width_phone=&#8220;4px&#8220; button_one_border_width_last_edited=&#8220;on|phone&#8220; button_two_text_size_tablet=&#8220;&#8220; button_two_text_size_phone=&#8220;18px&#8220; button_two_text_size_last_edited=&#8220;on|phone&#8220; button_two_border_width_tablet=&#8220;&#8220; button_two_border_width_phone=&#8220;4px&#8220; button_two_border_width_last_edited=&#8220;on|phone&#8220;][\/dsm_button][\/et_pb_column][\/et_pb_row][\/et_pb_section][et_pb_section fb_built=&#8220;1&#8243; custom_padding_last_edited=&#8220;on|phone&#8220; _builder_version=&#8220;4.9.0&#8243; _module_preset=&#8220;default&#8220; custom_margin=&#8220;40px||||false|false&#8220; custom_margin_tablet=&#8220;&#8220; custom_margin_phone=&#8220;40px||-40px||false|false&#8220; custom_margin_last_edited=&#8220;on|phone&#8220; custom_padding=&#8220;18px||7px||false|false&#8220; custom_padding_tablet=&#8220;&#8220; custom_padding_phone=&#8220;15px||0px||false|false&#8220;][et_pb_row module_id=&#8220;delivery&#8220; _builder_version=&#8220;4.9.0&#8243; _module_preset=&#8220;default&#8220; z_index=&#8220;0&#8243;][et_pb_column type=&#8220;4_4&#8243; _builder_version=&#8220;4.9.0&#8243; _module_preset=&#8220;default&#8220;][et_pb_text _builder_version=&#8220;4.9.0&#8243; _module_preset=&#8220;default&#8220; header_font=&#8220;|700|||||||&#8220; header_text_align=&#8220;center&#8220; header_text_color=&#8220;#FFFFFF&#8220; header_font_size=&#8220;54px&#8220; header_letter_spacing=&#8220;2px&#8220; header_line_height=&#8220;1.2em&#8220; background_color=&#8220;#9c1c27&#8243; width=&#8220;65%&#8220; width_tablet=&#8220;&#8220; width_phone=&#8220;80%&#8220; width_last_edited=&#8220;on|phone&#8220; module_alignment=&#8220;center&#8220; custom_padding=&#8220;50px||50px||true|false&#8220; custom_padding_tablet=&#8220;&#8220; custom_padding_phone=&#8220;30px|0px|30px|0px|true|true&#8220; custom_padding_last_edited=&#8220;on|phone&#8220; animation_style=&#8220;slide&#8220; animation_direction=&#8220;top&#8220; animation_duration=&#8220;1500ms&#8220; animation_intensity_slide=&#8220;20%&#8220; header_font_size_tablet=&#8220;&#8220; header_font_size_phone=&#8220;40px&#8220; header_font_size_last_edited=&#8220;on|phone&#8220; border_radii=&#8220;on|10px|10px|10px|10px&#8220;]<\/p>\n<h1>FOOD DELIVERY<\/h1>\n<p>[\/et_pb_text][\/et_pb_column][\/et_pb_row][et_pb_row column_structure=&#8220;1_3,1_3,1_3&#8243; _builder_version=&#8220;4.9.0&#8243; _module_preset=&#8220;default&#8220; background_color=&#8220;#c49e63&#8243; vertical_offset=&#8220;-50px&#8220; z_index=&#8220;2&#8243; width=&#8220;55%&#8220; width_tablet=&#8220;&#8220; width_phone=&#8220;80%&#8220; width_last_edited=&#8220;on|desktop&#8220; custom_padding=&#8220;30px|50px|30px|50px|true|true&#8220; animation_style=&#8220;slide&#8220; animation_direction=&#8220;top&#8220; animation_duration=&#8220;1500ms&#8220; animation_delay=&#8220;500ms&#8220; animation_intensity_slide=&#8220;15%&#8220; border_radii=&#8220;on|10px|10px|10px|10px&#8220; box_shadow_style=&#8220;preset1&#8243;][et_pb_column type=&#8220;1_3&#8243; _builder_version=&#8220;4.9.0&#8243; _module_preset=&#8220;default&#8220;][et_pb_image src=&#8220;https:\/\/masalaippavlova.cz\/wp-content\/uploads\/2022\/03\/damejidlocz.png&#8220; title_text=&#8220;damejidlocz&#8220; url=&#8220;https:\/\/www.damejidlo.cz\/restaurant\/mfl4\/masala-indian-restaurant&#8220; _builder_version=&#8220;4.9.0&#8243; _module_preset=&#8220;default&#8220; width=&#8220;65%&#8220; module_alignment=&#8220;center&#8220; custom_margin=&#8220;8px||||false|false&#8220;][\/et_pb_image][\/et_pb_column][et_pb_column type=&#8220;1_3&#8243; _builder_version=&#8220;4.9.0&#8243; _module_preset=&#8220;default&#8220;][et_pb_image src=&#8220;https:\/\/masalaippavlova.cz\/wp-content\/uploads\/2022\/03\/bolt.png&#8220; title_text=&#8220;bolt&#8220; url=&#8220;https:\/\/food.bolt.eu\/cs-CZ\/271-prague\/p\/41919-masala-and\u011bl&#8220; _builder_version=&#8220;4.9.0&#8243; _module_preset=&#8220;default&#8220; width=&#8220;65%&#8220; module_alignment=&#8220;center&#8220; custom_margin=&#8220;10px||||false|false&#8220;][\/et_pb_image][\/et_pb_column][et_pb_column type=&#8220;1_3&#8243; _builder_version=&#8220;4.9.0&#8243; _module_preset=&#8220;default&#8220;][et_pb_image src=&#8220;https:\/\/masalaippavlova.cz\/wp-content\/uploads\/2022\/03\/wolt.png&#8220; title_text=&#8220;wolt&#8220; url=&#8220;https:\/\/wolt.com\/en\/cze\/prague\/restaurant\/masala-andel&#8220; _builder_version=&#8220;4.9.0&#8243; _module_preset=&#8220;default&#8220; width=&#8220;65%&#8220; module_alignment=&#8220;center&#8220; custom_margin=&#8220;5px||||false|false&#8220;][\/et_pb_image][\/et_pb_column][\/et_pb_row][et_pb_row column_structure=&#8220;1_4,3_4&#8243; _builder_version=&#8220;4.9.0&#8243; _module_preset=&#8220;default&#8220; width=&#8220;37%&#8220; width_tablet=&#8220;&#8220; width_phone=&#8220;80%&#8220; width_last_edited=&#8220;on|phone&#8220; module_alignment=&#8220;center&#8220; custom_margin_tablet=&#8220;&#8220; custom_margin_phone=&#8220;-18px||||false|false&#8220; custom_margin_last_edited=&#8220;on|phone&#8220;][et_pb_column type=&#8220;1_4&#8243; _builder_version=&#8220;4.9.0&#8243; _module_preset=&#8220;default&#8220;][et_pb_image src=&#8220;https:\/\/masalaippavlova.cz\/wp-content\/uploads\/2022\/03\/take-away.png&#8220; title_text=&#8220;take-away&#8220; align=&#8220;right&#8220; align_tablet=&#8220;&#8220; align_phone=&#8220;center&#8220; align_last_edited=&#8220;on|phone&#8220; _builder_version=&#8220;4.9.0&#8243; _module_preset=&#8220;default&#8220; width=&#8220;40%&#8220; width_tablet=&#8220;&#8220; width_phone=&#8220;28%&#8220; width_last_edited=&#8220;on|phone&#8220; module_alignment=&#8220;center&#8220;][\/et_pb_image][\/et_pb_column][et_pb_column type=&#8220;3_4&#8243; _builder_version=&#8220;4.9.0&#8243; _module_preset=&#8220;default&#8220;][et_pb_text _builder_version=&#8220;4.9.0&#8243; _module_preset=&#8220;default&#8220;]<\/p>\n<p style=\"text-align: center;\">Pro osobn\u00ed vyzvednut\u00ed n\u00e1m sta\u010d\u00ed zavolat a my V\u00e1m objedn\u00e1vku p\u0159iprav\u00edme k vyzvednut\u00ed na pobo\u010dce.<\/p>\n<p>[\/et_pb_text][\/et_pb_column][\/et_pb_row][\/et_pb_section][et_pb_section fb_built=&#8220;1&#8243; _builder_version=&#8220;4.9.0&#8243; _module_preset=&#8220;default&#8220; custom_margin=&#8220;40px|||||&#8220; custom_padding=&#8220;29px|||||&#8220;][et_pb_row _builder_version=&#8220;4.9.0&#8243; _module_preset=&#8220;default&#8220; custom_margin_tablet=&#8220;&#8220; custom_margin_phone=&#8220;0px||||false|false&#8220; custom_margin_last_edited=&#8220;on|phone&#8220;][et_pb_column type=&#8220;4_4&#8243; _builder_version=&#8220;4.9.0&#8243; _module_preset=&#8220;default&#8220;][et_pb_text _builder_version=&#8220;4.9.0&#8243; _module_preset=&#8220;default&#8220; header_font=&#8220;|700|||||||&#8220; header_text_align=&#8220;center&#8220; header_text_color=&#8220;#c49e63&#8243; header_font_size=&#8220;54px&#8220; header_letter_spacing=&#8220;2px&#8220; header_line_height=&#8220;1.2em&#8220; width=&#8220;100%&#8220; module_alignment=&#8220;center&#8220; custom_margin_tablet=&#8220;&#8220; custom_margin_phone=&#8220;||0px||false|false&#8220; custom_margin_last_edited=&#8220;on|phone&#8220; animation_style=&#8220;fade&#8220; animation_duration=&#8220;1500ms&#8220; header_font_size_tablet=&#8220;&#8220; header_font_size_phone=&#8220;40px&#8220; header_font_size_last_edited=&#8220;on|phone&#8220;]<\/p>\n<h1>GALLERY<\/h1>\n<p>[\/et_pb_text][dsm_masonry_gallery gallery_ids=&#8220;637,638,639,640,641,642,644,645,646,647&#8243; gutter=&#8220;10&#8243; use_lightbox=&#8220;on&#8220; use_zoom_on_hover=&#8220;on&#8220; columns_tablet=&#8220;&#8220; columns_phone=&#8220;2&#8243; columns_last_edited=&#8220;on|phone&#8220; _builder_version=&#8220;4.9.0&#8243; _module_preset=&#8220;default&#8220; custom_margin_tablet=&#8220;&#8220; custom_margin_phone=&#8220;&#8220; custom_margin_last_edited=&#8220;on|phone&#8220; border_radii_grid=&#8220;on|5px|5px|5px|5px&#8220;][\/dsm_masonry_gallery][\/et_pb_column][\/et_pb_row][\/et_pb_section]<\/p>","protected":false},"excerpt":{"rendered":"<p>[et_pb_section fb_built=&#8220;1&#8243; _builder_version=&#8220;4.9.0&#8243; _module_preset=&#8220;default&#8220; background_image=&#8220;https:\/\/masalaippavlova.cz\/wp-content\/uploads\/2022\/03\/iMac-2.png&#8220; parallax=&#8220;on&#8220; height=&#8220;100vh&#8220; animation_style=&#8220;slide&#8220; animation_duration=&#8220;2500ms&#8220; animation_intensity_slide=&#8220;10%&#8220; hover_enabled=&#8220;0&#8243; custom_css_main_element=&#8220;display:flex;&#8220; title_text=&#8220;iMac &#8211; 2&#8243; sticky_enabled=&#8220;0&#8243;][et_pb_row _builder_version=&#8220;4.9.0&#8243; _module_preset=&#8220;default&#8220;][et_pb_column type=&#8220;4_4&#8243; _builder_version=&#8220;4.9.0&#8243; _module_preset=&#8220;default&#8220;][et_pb_image src=&#8220;https:\/\/masalaippavlova.cz\/wp-content\/uploads\/2022\/03\/MASALAANDEL_LOGO.png&#8220; title_text=&#8220;MASALAANDEL_LOGO&#8220; align=&#8220;center&#8220; _builder_version=&#8220;4.9.0&#8243; _module_preset=&#8220;default&#8220; width=&#8220;58%&#8220; width_tablet=&#8220;&#8220; width_phone=&#8220;95%&#8220; width_last_edited=&#8220;on|desktop&#8220; custom_margin=&#8220;-30px||||false|false&#8220; custom_margin_tablet=&#8220;&#8220; custom_margin_phone=&#8220;-160px||||false|false&#8220; custom_margin_last_edited=&#8220;on|phone&#8220; hover_enabled=&#8220;0&#8243; sticky_enabled=&#8220;0&#8243;][\/et_pb_image][et_pb_button button_url=&#8220;https:\/\/masalaippavlova.cz\/kontakt\/#contact&#8220; button_text=&#8220;Rezervace&#8220; button_alignment=&#8220;center&#8220; _builder_version=&#8220;4.9.0&#8243; _module_preset=&#8220;default&#8220; custom_button=&#8220;on&#8220; button_text_size=&#8220;20px&#8220; button_text_color=&#8220;#FFFFFF&#8220; button_bg_color=&#8220;#c49e63&#8243; button_border_color=&#8220;#c49e63&#8243; button_border_radius=&#8220;5px&#8220; button_icon=&#8220;%%128%%&#8220; button_text_size_tablet=&#8220;&#8220; button_text_size_phone=&#8220;16px&#8220; button_text_size_last_edited=&#8220;on|phone&#8220; box_shadow_style=&#8220;preset1&#8243;][\/et_pb_button][\/et_pb_column][\/et_pb_row][\/et_pb_section][et_pb_section fb_built=&#8220;1&#8243; _builder_version=&#8220;4.9.0&#8243; _module_preset=&#8220;default&#8220; [&hellip;]<\/p>","protected":false},"author":1,"featured_media":0,"parent":0,"menu_order":0,"comment_status":"closed","ping_status":"closed","template":"","meta":{"_et_pb_use_builder":"on","_et_pb_old_content":"","_et_gb_content_width":""},"_links":{"self":[{"href":"https:\/\/masalaippavlova.cz\/en\/wp-json\/wp\/v2\/pages\/951"}],"collection":[{"href":"https:\/\/masalaippavlova.cz\/en\/wp-json\/wp\/v2\/pages"}],"about":[{"href":"https:\/\/masalaippavlova.cz\/en\/wp-json\/wp\/v2\/types\/page"}],"author":[{"embeddable":true,"href":"https:\/\/masalaippavlova.cz\/en\/wp-json\/wp\/v2\/users\/1"}],"replies":[{"embeddable":true,"href":"https:\/\/masalaippavlova.cz\/en\/wp-json\/wp\/v2\/comments?post=951"}],"version-history":[{"count":0,"href":"https:\/\/masalaippavlova.cz\/en\/wp-json\/wp\/v2\/pages\/951\/revisions"}],"wp:attachment":[{"href":"https:\/\/masalaippavlova.cz\/en\/wp-json\/wp\/v2\/media?parent=951"}],"curies":[{"name":"wp","href":"https:\/\/api.w.org\/{rel}","templated":true}]}}